{"id":85,"date":"2013-07-22T21:38:38","date_gmt":"2013-07-22T20:38:38","guid":{"rendered":"http:\/\/fcfamalicao.org\/portal\/?page_id=85"},"modified":"2019-07-25T20:56:02","modified_gmt":"2019-07-25T19:56:02","slug":"classificacao","status":"publish","type":"page","link":"https:\/\/fcfamalicao.org\/portal\/futebol-senior\/classificacao\/","title":{"rendered":"Classifica\u00e7\u00e3o"},"content":{"rendered":"<p><strong><img loading=\"lazy\" decoding=\"async\" class=\"size-full wp-image-4107 aligncenter\" src=\"http:\/\/fcfamalicao.org\/portal\/wp-content\/uploads\/2019\/07\/class_00.png\" alt=\"\" width=\"505\" height=\"459\"><br \/>\n&nbsp;Pr\u00f3ximo Jogo<\/strong><\/p>\n<table style=\"height: 96px;\">\n<tbody>\n<tr style=\"background-color: #d7e9f7;\">\n<td style=\"text-align: center; height: 48px; width: 574px;\" colspan=\"2\"><strong><span style=\"color: #0000ff;\"><span style=\"color: #ff0000;\">Liga NOS &#8211; Jornada 1<br \/>\n<span style=\"color: #000000;\">10 de agosto 2019<\/span><br \/>\n<\/span><\/span><\/strong><\/td>\n<\/tr>\n<tr style=\"background-color: #d7e9f7;\">\n<td style=\"text-align: center; height: 48px; width: 574px;\" colspan=\"2\"><strong><span style=\"color: #0000ff;\">Santa Clara Vs FC Famalic\u00e3o<\/span><\/strong><br \/>\nEst\u00e1dio S. Miguel &#8211; 16:30 horas<\/td>\n<\/tr>\n<\/tbody>\n<\/table>\n<p>&nbsp;<\/p>\n","protected":false},"excerpt":{"rendered":"<p>&nbsp;Pr\u00f3ximo Jogo Liga NOS &#8211; Jornada 1 10 de agosto 2019 Santa Clara Vs FC Famalic\u00e3o Est\u00e1dio S. Miguel &#8211; 16:30 horas &nbsp;<\/p>\n","protected":false},"author":1,"featured_media":0,"parent":124,"menu_order":3,"comment_status":"closed","ping_status":"closed","template":"sidebar-page.php","meta":{"ngg_post_thumbnail":0,"footnotes":""},"class_list":["post-85","page","type-page","status-publish","hentry"],"_links":{"self":[{"href":"https:\/\/fcfamalicao.org\/portal\/wp-json\/wp\/v2\/pages\/85","targetHints":{"allow":["GET"]}}],"collection":[{"href":"https:\/\/fcfamalicao.org\/portal\/wp-json\/wp\/v2\/pages"}],"about":[{"href":"https:\/\/fcfamalicao.org\/portal\/wp-json\/wp\/v2\/types\/page"}],"author":[{"embeddable":true,"href":"https:\/\/fcfamalicao.org\/portal\/wp-json\/wp\/v2\/users\/1"}],"replies":[{"embeddable":true,"href":"https:\/\/fcfamalicao.org\/portal\/wp-json\/wp\/v2\/comments?post=85"}],"version-history":[{"count":137,"href":"https:\/\/fcfamalicao.org\/portal\/wp-json\/wp\/v2\/pages\/85\/revisions"}],"predecessor-version":[{"id":4109,"href":"https:\/\/fcfamalicao.org\/portal\/wp-json\/wp\/v2\/pages\/85\/revisions\/4109"}],"up":[{"embeddable":true,"href":"https:\/\/fcfamalicao.org\/portal\/wp-json\/wp\/v2\/pages\/124"}],"wp:attachment":[{"href":"https:\/\/fcfamalicao.org\/portal\/wp-json\/wp\/v2\/media?parent=85"}],"curies":[{"name":"wp","href":"https:\/\/api.w.org\/{rel}","templated":true}]}}