{"id":301,"date":"2013-08-09T23:16:14","date_gmt":"2013-08-09T22:16:14","guid":{"rendered":"http:\/\/fcfamalicao.org\/portal\/?page_id=301"},"modified":"2018-10-30T18:29:46","modified_gmt":"2018-10-30T17:29:46","slug":"resultados","status":"publish","type":"page","link":"https:\/\/fcfamalicao.org\/portal\/futebol-senior\/resultados\/","title":{"rendered":"Resultados"},"content":{"rendered":"<p><strong><span style=\"color: #0000ff;\">RESULTADOS FC FAMALIC\u00c3O&nbsp;<\/span><\/strong><\/p>\n<p>&nbsp;<\/p>\n<table style=\"width: 584px;\">\n<tbody>\n<tr style=\"background-color: #d7e9f7;\">\n<td style=\"width: 91px;\"><strong><span style=\"color: #0000ff;\">Jornada<\/span><\/strong><\/td>\n<td style=\"width: 135px;\"><strong><span style=\"color: #0000ff;\">Visitado<\/span><\/strong><\/td>\n<td style=\"text-align: center; width: 51px;\"><strong><span style=\"color: #0000ff;\">Res.<\/span><\/strong><\/td>\n<td style=\"text-align: right; width: 136px;\"><strong><span style=\"color: #0000ff;\">Visitante<\/span><\/strong><\/td>\n<td style=\"text-align: center; width: 121px;\"><strong><span style=\"color: #0000ff;\">Data<\/span><\/strong><\/td>\n<\/tr>\n<tr>\n<td style=\"width: 91px;\">2Liga-J1<\/td>\n<td style=\"width: 135px;\">Farense<\/td>\n<td style=\"width: 51px; text-align: center;\"><b>1-0<\/b><\/td>\n<td style=\"text-align: right; width: 136px;\">FC Famalic\u00e3o<\/td>\n<td style=\"text-align: right; width: 121px;\">11-08-2018<\/td>\n<\/tr>\n<tr>\n<td style=\"width: 91px;\">2Liga-J2<\/td>\n<td style=\"width: 135px;\"><span style=\"color: #0000ff;\">FC Famalic\u00e3o<\/span><\/td>\n<td style=\"width: 51px; text-align: center;\"><b>2-0<\/b><\/td>\n<td style=\"text-align: right; width: 136px;\">Penafiel<\/td>\n<td style=\"text-align: right; width: 121px;\">19-08-2018<\/td>\n<\/tr>\n<tr>\n<td style=\"width: 91px;\">2Liga-J3<\/td>\n<td style=\"width: 135px;\">Pa\u00e7os Ferreira<\/td>\n<td style=\"width: 51px; text-align: center;\"><strong>1-2<\/strong><\/td>\n<td style=\"text-align: right; width: 136px;\"><span style=\"color: #0000ff;\">FC Famalic\u00e3o<\/span><\/td>\n<td style=\"width: 121px; text-align: right;\">26-08-2018<\/td>\n<\/tr>\n<tr>\n<td style=\"width: 91px;\">2Liga-J4<\/td>\n<td style=\"width: 135px;\"><span style=\"color: #0000ff;\">FC Famalic\u00e3o<\/span><\/td>\n<td style=\"width: 51px; text-align: center;\"><strong>2-0<\/strong><\/td>\n<td style=\"text-align: right; width: 136px;\">Arouca<\/td>\n<td style=\"width: 121px; text-align: right;\">02-09-2018<\/td>\n<\/tr>\n<tr>\n<td style=\"width: 91px;\">2Liga-J5<\/td>\n<td style=\"width: 135px;\">Ac. Viseu<\/td>\n<td style=\"width: 51px; text-align: center;\"><strong>3-4<\/strong><\/td>\n<td style=\"text-align: right; width: 136px;\"><span style=\"color: #0000ff;\">FC Famalic\u00e3o<\/span><\/td>\n<td style=\"width: 121px; text-align: right;\">23-09-2018<\/td>\n<\/tr>\n<tr>\n<td style=\"width: 91px;\">2Liga-J6<\/td>\n<td style=\"width: 135px;\">Mafra<\/td>\n<td style=\"width: 51px; text-align: center;\"><strong>1-1<\/strong><\/td>\n<td style=\"text-align: right; width: 136px;\"><span style=\"color: #0000ff;\">FC Famalic\u00e3o<\/span><\/td>\n<td style=\"width: 121px; text-align: right;\">06-10-2018<\/td>\n<\/tr>\n<tr>\n<td style=\"width: 91px;\">2Liga-J7<\/td>\n<td style=\"width: 135px;\"><span style=\"color: #0000ff;\">FC Famalic\u00e3o<\/span><\/td>\n<td style=\"width: 51px; text-align: center;\"><strong>4-2<\/strong><\/td>\n<td style=\"text-align: right; width: 136px;\">FC Porto B<\/td>\n<td style=\"width: 121px; text-align: right;\">27-10-2018<\/td>\n<\/tr>\n<tr>\n<td style=\"width: 91px;\">2Liga-J8<\/td>\n<td style=\"width: 135px;\">Sp. Braga B<\/td>\n<td style=\"width: 51px; text-align: center;\"><strong>&#8211;<\/strong><\/td>\n<td style=\"text-align: right; width: 136px;\"><span style=\"color: #0000ff;\">FC Famalic\u00e3o<\/span><\/td>\n<td style=\"width: 121px; text-align: right;\">03-11-2018<\/td>\n<\/tr>\n<tr>\n<td style=\"width: 91px;\">&nbsp;<\/td>\n<td style=\"width: 135px;\">&nbsp;<\/td>\n<td style=\"width: 51px; text-align: center;\"><strong>&nbsp;<\/strong><\/td>\n<td style=\"text-align: right; width: 136px;\">&nbsp;<\/td>\n<td style=\"width: 121px; text-align: right;\">&nbsp;<\/td>\n<\/tr>\n<\/tbody>\n<\/table>\n<p>&nbsp;<\/p>\n","protected":false},"excerpt":{"rendered":"<p>RESULTADOS FC FAMALIC\u00c3O&nbsp; &nbsp; Jornada Visitado Res. Visitante Data 2Liga-J1 Farense 1-0 FC Famalic\u00e3o 11-08-2018 2Liga-J2 FC Famalic\u00e3o 2-0 Penafiel 19-08-2018 2Liga-J3 Pa\u00e7os Ferreira 1-2 FC Famalic\u00e3o 26-08-2018 2Liga-J4 FC Famalic\u00e3o 2-0 Arouca 02-09-2018 2Liga-J5 Ac. Viseu 3-4 FC Famalic\u00e3o &hellip; <a href=\"https:\/\/fcfamalicao.org\/portal\/futebol-senior\/resultados\/\">Continuar a ler <span class=\"meta-nav\">&rarr;<\/span><\/a><\/p>\n","protected":false},"author":1,"featured_media":0,"parent":124,"menu_order":5,"comment_status":"closed","ping_status":"closed","template":"sidebar-page.php","meta":{"ngg_post_thumbnail":0,"footnotes":""},"class_list":["post-301","page","type-page","status-publish","hentry"],"_links":{"self":[{"href":"https:\/\/fcfamalicao.org\/portal\/wp-json\/wp\/v2\/pages\/301","targetHints":{"allow":["GET"]}}],"collection":[{"href":"https:\/\/fcfamalicao.org\/portal\/wp-json\/wp\/v2\/pages"}],"about":[{"href":"https:\/\/fcfamalicao.org\/portal\/wp-json\/wp\/v2\/types\/page"}],"author":[{"embeddable":true,"href":"https:\/\/fcfamalicao.org\/portal\/wp-json\/wp\/v2\/users\/1"}],"replies":[{"embeddable":true,"href":"https:\/\/fcfamalicao.org\/portal\/wp-json\/wp\/v2\/comments?post=301"}],"version-history":[{"count":125,"href":"https:\/\/fcfamalicao.org\/portal\/wp-json\/wp\/v2\/pages\/301\/revisions"}],"predecessor-version":[{"id":4075,"href":"https:\/\/fcfamalicao.org\/portal\/wp-json\/wp\/v2\/pages\/301\/revisions\/4075"}],"up":[{"embeddable":true,"href":"https:\/\/fcfamalicao.org\/portal\/wp-json\/wp\/v2\/pages\/124"}],"wp:attachment":[{"href":"https:\/\/fcfamalicao.org\/portal\/wp-json\/wp\/v2\/media?parent=301"}],"curies":[{"name":"wp","href":"https:\/\/api.w.org\/{rel}","templated":true}]}}