{"id":270,"date":"2013-08-07T13:27:23","date_gmt":"2013-08-07T12:27:23","guid":{"rendered":"http:\/\/fcfamalicao.org\/portal\/?page_id=270"},"modified":"2018-11-07T00:16:02","modified_gmt":"2018-11-06T23:16:02","slug":"juniores","status":"publish","type":"page","link":"https:\/\/fcfamalicao.org\/portal\/futebol-formacao\/campeonato-nacional\/juniores\/","title":{"rendered":"Juniores A"},"content":{"rendered":"<p><strong><span style=\"color: #0000ff;\"><img loading=\"lazy\" decoding=\"async\" class=\"alignleft size-full wp-image-2688\" src=\"http:\/\/fcfamalicao.org\/portal\/wp-content\/uploads\/2015\/08\/juniores_a.jpg\" alt=\"juniores_a\" width=\"600\" height=\"125\" srcset=\"https:\/\/fcfamalicao.org\/portal\/wp-content\/uploads\/2015\/08\/juniores_a.jpg 600w, https:\/\/fcfamalicao.org\/portal\/wp-content\/uploads\/2015\/08\/juniores_a-300x63.jpg 300w, https:\/\/fcfamalicao.org\/portal\/wp-content\/uploads\/2015\/08\/juniores_a-500x104.jpg 500w\" sizes=\"auto, (max-width: 600px) 100vw, 600px\" \/><br \/>\n** Disputa&nbsp;o Campeonato Nacional 2\u00aa Divis\u00e3o &#8211; S\u00e9rie A **&nbsp;<\/span><\/strong><\/p>\n<p><strong><span style=\"color: #0000ff;\">Resultados<\/span><\/strong><\/p>\n<table>\n<tbody>\n<tr style=\"background-color: #d7e9f7;\">\n<td><strong><span style=\"color: #0000ff;\">Jornada<\/span><\/strong><\/td>\n<td><strong><span style=\"color: #0000ff;\">Visitado<\/span><\/strong><\/td>\n<td style=\"text-align: center;\"><strong><span style=\"color: #0000ff;\">RES.<\/span><\/strong><\/td>\n<td style=\"text-align: right;\"><strong><span style=\"color: #0000ff;\">Visitante<\/span><\/strong><\/td>\n<td style=\"text-align: right;\"><strong><span style=\"color: #0000ff;\">Data<\/span><\/strong><\/td>\n<\/tr>\n<tr>\n<td>J1<\/td>\n<td>Chaves<\/td>\n<td style=\"text-align: center;\"><strong>3-0<\/strong><\/td>\n<td style=\"text-align: right;\"><span style=\"color: #0000ff;\">FC Famalic\u00e3o<\/span><\/td>\n<td style=\"text-align: right;\">25-08-2018<\/td>\n<\/tr>\n<tr>\n<td>J2<\/td>\n<td><span style=\"color: #0000ff;\">FC Famalic\u00e3o<\/span><\/td>\n<td style=\"text-align: center;\"><strong>6-0<\/strong><\/td>\n<td style=\"text-align: right;\">Ca\u00e7adores das Taipas<\/td>\n<td style=\"text-align: right;\">01-09-2018<\/td>\n<\/tr>\n<tr>\n<td>J3<\/td>\n<td>Moreirense<\/td>\n<td style=\"text-align: center;\"><strong>3-0<\/strong><\/td>\n<td style=\"text-align: right;\"><span style=\"color: #0000ff;\">FC Famalic\u00e3o<\/span><\/td>\n<td style=\"text-align: right;\">15-09-2018<\/td>\n<\/tr>\n<tr>\n<td>J4<\/td>\n<td><span style=\"color: #0000ff;\">FC Famalic\u00e3o<\/span><\/td>\n<td style=\"text-align: center;\"><strong>3-0<\/strong><\/td>\n<td style=\"text-align: right;\">AD Barroselas<\/td>\n<td style=\"text-align: right;\">22-09-2018<\/td>\n<\/tr>\n<tr>\n<td>J5<\/td>\n<td><span style=\"color: #0000ff;\">FC Famalic\u00e3o<\/span><\/td>\n<td style=\"text-align: center;\"><strong>2-1<\/strong><\/td>\n<td style=\"text-align: right;\">Vizela<\/td>\n<td style=\"text-align: right;\">29-09-2018<\/td>\n<\/tr>\n<tr>\n<td>J6<\/td>\n<td>Maria da Fonte<\/td>\n<td style=\"text-align: center;\"><strong>1-3<\/strong><\/td>\n<td style=\"text-align: right;\"><span style=\"color: #0000ff;\">FC Famalic\u00e3o<\/span><\/td>\n<td style=\"text-align: right;\">06-10-2018<\/td>\n<\/tr>\n<tr>\n<td>J7<\/td>\n<td><span style=\"color: #0000ff;\">FC Famalic\u00e3o<\/span><\/td>\n<td style=\"text-align: center;\"><strong>3-4<\/strong><\/td>\n<td style=\"text-align: right;\">Bragan\u00e7a<\/td>\n<td style=\"text-align: right;\">20-10-2018<\/td>\n<\/tr>\n<tr>\n<td>J8<\/td>\n<td>Varzim<\/td>\n<td style=\"text-align: center;\"><strong>0-2<\/strong><\/td>\n<td style=\"text-align: right;\"><span style=\"color: #0000ff;\">FC Famalic\u00e3o<\/span><\/td>\n<td style=\"text-align: right;\">27-10-2018<\/td>\n<\/tr>\n<tr>\n<td>J9<\/td>\n<td><span style=\"color: #0000ff;\">FC Famalic\u00e3o<\/span><\/td>\n<td style=\"text-align: center;\"><strong>4-2<\/strong><\/td>\n<td style=\"text-align: right;\">Merelinense<\/td>\n<td style=\"text-align: right;\">03-11-2018<\/td>\n<\/tr>\n<tr>\n<td>&nbsp;<\/td>\n<td>&nbsp;<\/td>\n<td style=\"text-align: center;\">&nbsp;<\/td>\n<td style=\"text-align: right;\">&nbsp;<\/td>\n<td style=\"text-align: right;\">&nbsp;<\/td>\n<\/tr>\n<\/tbody>\n<\/table>\n<p style=\"text-align: left;\"><span style=\"color: #0000ff;\"><strong>Classifica\u00e7\u00e3o<br \/>\n<img loading=\"lazy\" decoding=\"async\" class=\"alignleft size-full wp-image-4097\" src=\"http:\/\/fcfamalicao.org\/portal\/wp-content\/uploads\/2018\/11\/class_juniores_09.png\" alt=\"\" width=\"320\" height=\"563\"><br \/>\n<\/strong><\/span><\/p>\n","protected":false},"excerpt":{"rendered":"<p>** Disputa&nbsp;o Campeonato Nacional 2\u00aa Divis\u00e3o &#8211; S\u00e9rie A **&nbsp; Resultados Jornada Visitado RES. Visitante Data J1 Chaves 3-0 FC Famalic\u00e3o 25-08-2018 J2 FC Famalic\u00e3o 6-0 Ca\u00e7adores das Taipas 01-09-2018 J3 Moreirense 3-0 FC Famalic\u00e3o 15-09-2018 J4 FC Famalic\u00e3o 3-0 &hellip; <a href=\"https:\/\/fcfamalicao.org\/portal\/futebol-formacao\/campeonato-nacional\/juniores\/\">Continuar a ler <span class=\"meta-nav\">&rarr;<\/span><\/a><\/p>\n","protected":false},"author":1,"featured_media":0,"parent":1085,"menu_order":1,"comment_status":"closed","ping_status":"closed","template":"sidebar-page.php","meta":{"ngg_post_thumbnail":0,"footnotes":""},"class_list":["post-270","page","type-page","status-publish","hentry"],"_links":{"self":[{"href":"https:\/\/fcfamalicao.org\/portal\/wp-json\/wp\/v2\/pages\/270","targetHints":{"allow":["GET"]}}],"collection":[{"href":"https:\/\/fcfamalicao.org\/portal\/wp-json\/wp\/v2\/pages"}],"about":[{"href":"https:\/\/fcfamalicao.org\/portal\/wp-json\/wp\/v2\/types\/page"}],"author":[{"embeddable":true,"href":"https:\/\/fcfamalicao.org\/portal\/wp-json\/wp\/v2\/users\/1"}],"replies":[{"embeddable":true,"href":"https:\/\/fcfamalicao.org\/portal\/wp-json\/wp\/v2\/comments?post=270"}],"version-history":[{"count":66,"href":"https:\/\/fcfamalicao.org\/portal\/wp-json\/wp\/v2\/pages\/270\/revisions"}],"predecessor-version":[{"id":4100,"href":"https:\/\/fcfamalicao.org\/portal\/wp-json\/wp\/v2\/pages\/270\/revisions\/4100"}],"up":[{"embeddable":true,"href":"https:\/\/fcfamalicao.org\/portal\/wp-json\/wp\/v2\/pages\/1085"}],"wp:attachment":[{"href":"https:\/\/fcfamalicao.org\/portal\/wp-json\/wp\/v2\/media?parent=270"}],"curies":[{"name":"wp","href":"https:\/\/api.w.org\/{rel}","templated":true}]}}