{"id":124,"date":"2013-07-24T13:37:11","date_gmt":"2013-07-24T12:37:11","guid":{"rendered":"http:\/\/fcfamalicao.org\/portal\/?page_id=124"},"modified":"2015-08-01T22:26:21","modified_gmt":"2015-08-01T21:26:21","slug":"futebol-senior","status":"publish","type":"page","link":"https:\/\/fcfamalicao.org\/portal\/futebol-senior\/","title":{"rendered":"Seniores"},"content":{"rendered":"<ul>\n<li><span style=\"line-height: 15px; color: #0000ff;\">Plantel<br \/>\n<\/span><\/li>\n<li><span style=\"color: #0000ff;\">Equipa T\u00e9cnica<\/span><\/li>\n<li><span style=\"color: #0000ff;\">Classifica\u00e7\u00e3o<\/span><\/li>\n<li><span style=\"color: #0000ff;\">Jornadas<\/span><\/li>\n<li><span style=\"color: #0000ff;\">Resultados<\/span><\/li>\n<\/ul>\n","protected":false},"excerpt":{"rendered":"<p>Plantel Equipa T\u00e9cnica Classifica\u00e7\u00e3o Jornadas Resultados<\/p>\n","protected":false},"author":1,"featured_media":0,"parent":0,"menu_order":2,"comment_status":"closed","ping_status":"closed","template":"sidebar-page.php","meta":{"ngg_post_thumbnail":0,"footnotes":""},"class_list":["post-124","page","type-page","status-publish","hentry"],"_links":{"self":[{"href":"https:\/\/fcfamalicao.org\/portal\/wp-json\/wp\/v2\/pages\/124","targetHints":{"allow":["GET"]}}],"collection":[{"href":"https:\/\/fcfamalicao.org\/portal\/wp-json\/wp\/v2\/pages"}],"about":[{"href":"https:\/\/fcfamalicao.org\/portal\/wp-json\/wp\/v2\/types\/page"}],"author":[{"embeddable":true,"href":"https:\/\/fcfamalicao.org\/portal\/wp-json\/wp\/v2\/users\/1"}],"replies":[{"embeddable":true,"href":"https:\/\/fcfamalicao.org\/portal\/wp-json\/wp\/v2\/comments?post=124"}],"version-history":[{"count":6,"href":"https:\/\/fcfamalicao.org\/portal\/wp-json\/wp\/v2\/pages\/124\/revisions"}],"predecessor-version":[{"id":133,"href":"https:\/\/fcfamalicao.org\/portal\/wp-json\/wp\/v2\/pages\/124\/revisions\/133"}],"wp:attachment":[{"href":"https:\/\/fcfamalicao.org\/portal\/wp-json\/wp\/v2\/media?parent=124"}],"curies":[{"name":"wp","href":"https:\/\/api.w.org\/{rel}","templated":true}]}}